{"id":651,"date":"2023-07-22T20:24:19","date_gmt":"2023-07-22T19:24:19","guid":{"rendered":"https:\/\/www.wartauerwetter.ch\/content\/?page_id=651"},"modified":"2023-07-27T14:37:51","modified_gmt":"2023-07-27T13:37:51","slug":"datenschutzerklaerung","status":"publish","type":"page","link":"https:\/\/www.wartauerwetter.ch\/content\/?page_id=651","title":{"rendered":"Datenschutzerkl\u00e4rung"},"content":{"rendered":"\n<h2 class=\"wp-block-heading\">Wer wir sind<\/h2>\n\n\n\n<p>Die Adresse meiner Website ist: https:\/\/www.wartauerwetter.ch .<\/p>\n\n\n\n<h2 class=\"wp-block-heading\" id=\"1-das-wichtigste-zuerst\">1. Das Wichtigste zuerst<\/h2>\n\n\n\n<p>Diese Website kann grunds\u00e4tzlich ohne die Eingabe von personenbezogenen Daten genutzt werden. Wenn doch, bearbeiten wir Personendaten im Einklang mit dem aktuell geltenden Gesetzen.<\/p>\n\n\n\n<p>Der Zugriff auf meine Website erfolgt mittels einer SSL-\/TLS-Verschl\u00fcsselung. Dies dient der Sicherheit und sch\u00fctzt die \u00dcbertragung pers\u00f6nlicher Daten, beispielsweise via Formular. Eine verschl\u00fcsselte Verbindung erkennst du daran, dass in der Adresszeile des Browsers sowohl \u201ehttps:\/\/\u201c als auch ein Schloss-Symbol davor sichtbar ist.<\/p>\n\n\n\n<h2 class=\"wp-block-heading\" id=\"3-server-log-files\">2. Server-Log-Files<\/h2>\n\n\n\n<p>Diese Website wird auf einem Server von Hetzner GmbH in Falkenstein (DE) gehostet. Auf dem Server werden automatisch Informationen deines Browsers in sogenannten Server-Log-Files gespeichert. Dies sind:<\/p>\n\n\n\n<ul class=\"wp-block-list\"><li>IP-Adresse des Besuchers<\/li><li>Datum und Uhrzeit inklusive Zeitzone<\/li><li>Browser-Anfrage einschliesslich Herkunft der Anfrage (Referer)<\/li><li>Verwendetes Betriebssystem und Art des Ger\u00e4ts<\/li><li>Verwendeter Browser inklusive Sprache und Version<\/li><\/ul>\n\n\n\n<h2 class=\"wp-block-heading\" id=\"4-zweck-der-datenerhebung\">3. Zweck der Datenerhebung<\/h2>\n\n\n\n<p>Alle Personendaten werden von mir ausschliesslich zum Zweck der Server\u00fcberwachung verwendet.<\/p>\n\n\n\n<h3 class=\"wp-block-heading\" id=\"4-1-kontaktformulare\">3.1 Kontaktformulare<\/h3>\n\n\n\n<p>Wenn du mir per Kontaktformular eine Anfrage zukommen l\u00e4sst, werden deine Angaben aus dem Formular \u00fcber eine per SSL verschl\u00fcsselte Verbindung (HTTPS) direkt an mich verschickt.<br>Ohne dein ausdr\u00fcckliches Einverst\u00e4ndnis werden diese Daten nicht an Dritte weitergegeben sowie selbstverst\u00e4ndlich auch nicht verkauft. Ich verwende diese Daten ausschliesslich zur Beantwortung Deiner Anfrage.<\/p>\n\n\n\n<p><\/p>\n\n\n\n<h2 class=\"wp-block-heading\" id=\"5-umgang-mit-den-erhaltenen-daten-und-deren-schutz-datensicherheit\">4. Dauer der Speicherung, Widerruf und Beseitigung<\/h2>\n\n\n\n<p>Die Daten aus dem Kontakformular werden so lange gespeichert, bis du die Verarbeitung widerrufst. Du hast jederzeit die M\u00f6glichkeit, deine Einwilligung zur Verarbeitung deiner Daten zu widerrufen. Nutze dazu das <a href=\"https:\/\/www.wartauerwetter.ch\/content\/?page_id=147\">Kontaktformular<\/a>: <br>Logfiles auf dem Server werden monatlich gel\u00f6scht.<\/p>\n\n\n\n<p><\/p>\n\n\n\n<h2 class=\"wp-block-heading\" id=\"8-anderungen\">5. \u00c4nderungen<\/h2>\n\n\n\n<p>Ich kann diese Datenschutzerkl\u00e4rung jederzeit und ohne Vorank\u00fcndigung anpassen. Es gilt die jeweils aktuelle, auf dieser Website publizierte Fassung. <\/p>\n\n\n\n<p><em>Diese Datenschutzerkl\u00e4rung wurde zuletzt am 22.07.2023 aktualisiert.<\/em><\/p>\n\n\n\n<p><\/p>\n\n\n\n<p><\/p>\n","protected":false},"excerpt":{"rendered":"<p>Wer wir sind Die Adresse meiner Website ist: https:\/\/www.wartauerwetter.ch . 1. Das Wichtigste zuerst Diese Website kann grunds\u00e4tzlich ohne die Eingabe von personenbezogenen Daten genutzt werden. Wenn doch, bearbeiten wir Personendaten im Einklang mit dem aktuell geltenden Gesetzen. Der Zugriff auf meine Website erfolgt mittels einer SSL-\/TLS-Verschl\u00fcsselung. Dies dient der Sicherheit und sch\u00fctzt die \u00dcbertragung [&hellip;]<\/p>\n","protected":false},"author":1,"featured_media":0,"parent":147,"menu_order":0,"comment_status":"closed","ping_status":"closed","template":"","meta":{"footnotes":""},"class_list":["post-651","page","type-page","status-publish","hentry"],"_links":{"self":[{"href":"https:\/\/www.wartauerwetter.ch\/content\/index.php?rest_route=\/wp\/v2\/pages\/651","targetHints":{"allow":["GET"]}}],"collection":[{"href":"https:\/\/www.wartauerwetter.ch\/content\/index.php?rest_route=\/wp\/v2\/pages"}],"about":[{"href":"https:\/\/www.wartauerwetter.ch\/content\/index.php?rest_route=\/wp\/v2\/types\/page"}],"author":[{"embeddable":true,"href":"https:\/\/www.wartauerwetter.ch\/content\/index.php?rest_route=\/wp\/v2\/users\/1"}],"replies":[{"embeddable":true,"href":"https:\/\/www.wartauerwetter.ch\/content\/index.php?rest_route=%2Fwp%2Fv2%2Fcomments&post=651"}],"version-history":[{"count":2,"href":"https:\/\/www.wartauerwetter.ch\/content\/index.php?rest_route=\/wp\/v2\/pages\/651\/revisions"}],"predecessor-version":[{"id":656,"href":"https:\/\/www.wartauerwetter.ch\/content\/index.php?rest_route=\/wp\/v2\/pages\/651\/revisions\/656"}],"up":[{"embeddable":true,"href":"https:\/\/www.wartauerwetter.ch\/content\/index.php?rest_route=\/wp\/v2\/pages\/147"}],"wp:attachment":[{"href":"https:\/\/www.wartauerwetter.ch\/content\/index.php?rest_route=%2Fwp%2Fv2%2Fmedia&parent=651"}],"curies":[{"name":"wp","href":"https:\/\/api.w.org\/{rel}","templated":true}]}}